{"id":103,"date":"2021-03-25T14:47:07","date_gmt":"2021-03-25T11:47:07","guid":{"rendered":"https:\/\/showhow.com.tr\/?page_id=103"},"modified":"2021-05-18T17:47:50","modified_gmt":"2021-05-18T14:47:50","slug":"hakkimizda-2","status":"publish","type":"page","link":"https:\/\/showhow.com.tr\/index.php\/hakkimizda-2\/","title":{"rendered":"hakk\u0131m\u0131zda"},"content":{"rendered":"\n<figure class=\"wp-block-image size-large\"><img loading=\"lazy\" width=\"800\" height=\"386\" src=\"https:\/\/showhow.com.tr\/wp-content\/uploads\/2021\/03\/cropped-mine-kasap.jpg\" alt=\"\" class=\"wp-image-72\" srcset=\"https:\/\/showhow.com.tr\/wp-content\/uploads\/2021\/03\/cropped-mine-kasap.jpg 800w, https:\/\/showhow.com.tr\/wp-content\/uploads\/2021\/03\/cropped-mine-kasap-300x145.jpg 300w, https:\/\/showhow.com.tr\/wp-content\/uploads\/2021\/03\/cropped-mine-kasap-768x371.jpg 768w\" sizes=\"(max-width: 800px) 100vw, 800px\" \/><\/figure>\n\n\n\n<p>payla\u015f\u0131mc\u0131, yenilik\u00e7i ve de\u011fer yaratan e\u011flence deneyimlerini hayata ge\u00e7irmenin hayallerini kurarak yola \u00e7\u0131kt\u0131k, i\u015fimiz g\u00fcc\u00fcm\u00fcz\u00a0<em>\u201centertainment\u201d<\/em>\u00a0olsun istedik.<\/p>\n\n\n\n<p>payla\u015fmak bizim i\u00e7in de\u011ferli. bilgimizi, birikimimizi, \u00e7evremizi ve t\u00fcm kaynaklar\u0131m\u0131z\u0131&nbsp;<strong>payla\u015fmak istiyoruz<\/strong>.<\/p>\n\n\n\n<p>yenilik\u00e7ilik bizim i\u00e7in \u00f6nemli;&nbsp;<strong>yeni fikirleri<\/strong>, yeni mekanlarda, yeni uygulamalar ile&nbsp;<strong>hayata ge\u00e7irmek<\/strong>&nbsp;en b\u00fcy\u00fck heyecan\u0131m\u0131z.<\/p>\n\n\n\n<p><strong>farkl\u0131 deneyimler ya\u015fatmak<\/strong>&nbsp;istiyoruz. t\u00fcm payda\u015flar\u0131m\u0131zla do\u011fru par\u00e7alar\u0131 biraraya getirmek en b\u00fcy\u00fck motivasyonumuz.<\/p>\n\n\n\n<p>t\u00fcm bu d\u00fc\u015f\u00fcncelerimiz ile&nbsp;<strong>e\u011flence sekt\u00f6r\u00fcn\u00fc ileriye g\u00f6t\u00fcrmek<\/strong>&nbsp;istiyoruz. genciz, dinami\u011fiz, heyecanl\u0131y\u0131z, a\u00e7\u0131\u011f\u0131z\u2026<\/p>\n\n\n\n<p>foto\u011fraf:\u00a0<a href=\"http:\/\/www.minekasapoglu.com\">mine kasapo\u011flu<\/a><\/p>\n","protected":false},"excerpt":{"rendered":"<p>payla\u015f\u0131mc\u0131, yenilik\u00e7i ve de\u011fer yaratan e\u011flence deneyimlerini hayata ge\u00e7irmenin hayallerini kurarak yola \u00e7\u0131kt\u0131k, i\u015fimiz g\u00fcc\u00fcm\u00fcz\u00a0\u201centertainment\u201d\u00a0olsun istedik. payla\u015fmak bizim i\u00e7in de\u011ferli. bilgimizi, birikimimizi, \u00e7evremizi ve t\u00fcm kaynaklar\u0131m\u0131z\u0131&nbsp;payla\u015fmak istiyoruz. yenilik\u00e7ilik bizim i\u00e7in \u00f6nemli;&nbsp;yeni fikirleri, yeni mekanlarda, yeni uygulamalar ile&nbsp;hayata ge\u00e7irmek&nbsp;en b\u00fcy\u00fck heyecan\u0131m\u0131z. farkl\u0131 deneyimler ya\u015fatmak&nbsp;istiyoruz. t\u00fcm payda\u015flar\u0131m\u0131zla do\u011fru par\u00e7alar\u0131 biraraya getirmek en b\u00fcy\u00fck motivasyonumuz. t\u00fcm bu d\u00fc\u015f\u00fcncelerimiz &hellip; <\/p>\n","protected":false},"author":1,"featured_media":0,"parent":0,"menu_order":0,"comment_status":"closed","ping_status":"closed","template":"","meta":[],"_links":{"self":[{"href":"https:\/\/showhow.com.tr\/index.php\/wp-json\/wp\/v2\/pages\/103"}],"collection":[{"href":"https:\/\/showhow.com.tr\/index.php\/wp-json\/wp\/v2\/pages"}],"about":[{"href":"https:\/\/showhow.com.tr\/index.php\/wp-json\/wp\/v2\/types\/page"}],"author":[{"embeddable":true,"href":"https:\/\/showhow.com.tr\/index.php\/wp-json\/wp\/v2\/users\/1"}],"replies":[{"embeddable":true,"href":"https:\/\/showhow.com.tr\/index.php\/wp-json\/wp\/v2\/comments?post=103"}],"version-history":[{"count":3,"href":"https:\/\/showhow.com.tr\/index.php\/wp-json\/wp\/v2\/pages\/103\/revisions"}],"predecessor-version":[{"id":562,"href":"https:\/\/showhow.com.tr\/index.php\/wp-json\/wp\/v2\/pages\/103\/revisions\/562"}],"wp:attachment":[{"href":"https:\/\/showhow.com.tr\/index.php\/wp-json\/wp\/v2\/media?parent=103"}],"curies":[{"name":"wp","href":"https:\/\/api.w.org\/{rel}","templated":true}]}}