{"id":37,"date":"2021-03-24T20:25:23","date_gmt":"2021-03-24T17:25:23","guid":{"rendered":"https:\/\/showhow.com.tr\/?page_id=37"},"modified":"2021-05-18T16:45:31","modified_gmt":"2021-05-18T13:45:31","slug":"projelerimiz","status":"publish","type":"page","link":"https:\/\/showhow.com.tr\/","title":{"rendered":""},"content":{"rendered":"\n<div class=\"wp-block-nextend-smartslider3\"><\/div>\n\n\n\n<div class=\"wp-block-group\"><div class=\"wp-block-group__inner-container\">\n<div class=\"wp-block-columns\">\n<div class=\"wp-block-column\">\n<figure class=\"wp-block-image size-large\"><a href=\"https:\/\/showhow.com.tr\/index.php\/2021\/03\/24\/rock\/\"><img loading=\"lazy\" width=\"960\" height=\"400\" src=\"https:\/\/showhow.com.tr\/wp-content\/uploads\/2021\/03\/rockn-coke.png\" alt=\"\" class=\"wp-image-86\" srcset=\"https:\/\/showhow.com.tr\/wp-content\/uploads\/2021\/03\/rockn-coke.png 960w, https:\/\/showhow.com.tr\/wp-content\/uploads\/2021\/03\/rockn-coke-300x125.png 300w, https:\/\/showhow.com.tr\/wp-content\/uploads\/2021\/03\/rockn-coke-768x320.png 768w\" sizes=\"(max-width: 960px) 100vw, 960px\" \/><\/a><figcaption><strong>rock&#8217;n coke<\/strong><\/figcaption><\/figure>\n\n\n\n<p style=\"font-size:18px\">t\u00fcrkiye\u2019nin en b\u00fcy\u00fck a\u00e7\u0131khava m\u00fczik etkinli\u011fi rock\u2019n coke, 6-7-8 eyl\u00fcl\u2019de tarihi bir rekora imza atarak 60 bin kat\u0131l\u0131mc\u0131y\u0131 a\u011f\u0131rlad\u0131. 3 g\u00fcn boyunca dopdolu bir m\u00fczik program\u0131 ve \u00e7ok say\u0131da m\u00fczik d\u0131\u015f\u0131 etkinlik sunan rock\u2019n coke, 5 farkl\u0131 sahnede 100\u2019\u00fcn \u00fczerinde sanat\u00e7\u0131\/grubu a\u011f\u0131rlad\u0131 <a href=\"https:\/\/showhow.com.tr\/index.php\/2021\/03\/24\/rock\/\" target=\"_blank\" rel=\"noreferrer noopener\">(&#8230;)<\/a><\/p>\n<\/div>\n\n\n\n<div class=\"wp-block-column\">\n<figure class=\"wp-block-image size-large\"><a href=\"https:\/\/showhow.com.tr\/index.php\/2021\/03\/26\/mindbody-festival\/\"><img loading=\"lazy\" width=\"940\" height=\"400\" src=\"https:\/\/showhow.com.tr\/wp-content\/uploads\/2021\/03\/mindbody_banner2.jpg\" alt=\"\" class=\"wp-image-91\" srcset=\"https:\/\/showhow.com.tr\/wp-content\/uploads\/2021\/03\/mindbody_banner2.jpg 940w, https:\/\/showhow.com.tr\/wp-content\/uploads\/2021\/03\/mindbody_banner2-300x128.jpg 300w, https:\/\/showhow.com.tr\/wp-content\/uploads\/2021\/03\/mindbody_banner2-768x327.jpg 768w\" sizes=\"(max-width: 940px) 100vw, 940px\" \/><\/a><figcaption><strong>mindbody festival<\/strong><\/figcaption><\/figure>\n\n\n\n<p style=\"font-size:18px\">mindbody i\u00e7erisinde, sa\u011fl\u0131k, beslenme, sanat, meditasyon, yoga, m\u00fczik gibi alanlar\u0131 konu alan ve aslen \u201cwell-being\u201d \u015femsiyesi alt\u0131nda toplayabilece\u011fimiz i\u00e7erikler \u00fcreten \u00e7ok pozitif bir festival <a href=\"https:\/\/showhow.com.tr\/index.php\/2021\/03\/26\/mindbody-festival\/\" target=\"_blank\" rel=\"noreferrer noopener\">(&#8230;)<\/a><\/p>\n<\/div>\n<\/div>\n<\/div><\/div>\n\n\n\n<div class=\"wp-block-group\"><div class=\"wp-block-group__inner-container\">\n<div class=\"wp-block-columns\">\n<div class=\"wp-block-column\">\n<figure class=\"wp-block-image size-large\"><a href=\"https:\/\/showhow.com.tr\/index.php\/2021\/03\/26\/sokak-sanatcilari-festivalishowhow\/\" target=\"_blank\" rel=\"noopener\"><img loading=\"lazy\" width=\"960\" height=\"400\" src=\"https:\/\/showhow.com.tr\/wp-content\/uploads\/2021\/03\/01_slider.jpg\" alt=\"\" class=\"wp-image-96\" srcset=\"https:\/\/showhow.com.tr\/wp-content\/uploads\/2021\/03\/01_slider.jpg 960w, https:\/\/showhow.com.tr\/wp-content\/uploads\/2021\/03\/01_slider-300x125.jpg 300w, https:\/\/showhow.com.tr\/wp-content\/uploads\/2021\/03\/01_slider-768x320.jpg 768w\" sizes=\"(max-width: 960px) 100vw, 960px\" \/><\/a><figcaption><strong>sokak sanat\u00e7\u0131lar\u0131 festivali<\/strong><\/figcaption><\/figure>\n\n\n\n<p>d\u00fcnyan\u0131n d\u00f6rt bir taraf\u0131ndan, 12 farkl\u0131 \u00fclkeden gelen uluslararas\u0131 sokak sanat\u00e7\u0131lar\u0131n\u0131n bulu\u015ftu\u011fu, t\u00fcrkiye\u2019nin ilk \u201culuslararas\u0131 sokak sanat\u00e7\u0131lar\u0131 festivali\u201dni, 2-3 haziran 2012\u2019de marmara forum ve forum istanbul\u2019da ger\u00e7ekle\u015ftirdik.<a href=\"https:\/\/showhow.com.tr\/index.php\/2021\/03\/26\/sokak-sanatcilari-festivalishowhow\/\">(&#8230;)<\/a><\/p>\n<\/div>\n\n\n\n<div class=\"wp-block-column\">\n<figure class=\"wp-block-image size-large\"><a href=\"https:\/\/showhow.com.tr\/index.php\/2021\/03\/25\/sun-splash\/\" target=\"_blank\" rel=\"noopener\"><img loading=\"lazy\" width=\"960\" height=\"400\" src=\"https:\/\/showhow.com.tr\/wp-content\/uploads\/2021\/03\/ARTWORK-FOR-SHOWHOW-2-1.jpg\" alt=\"\" class=\"wp-image-111\" srcset=\"https:\/\/showhow.com.tr\/wp-content\/uploads\/2021\/03\/ARTWORK-FOR-SHOWHOW-2-1.jpg 960w, https:\/\/showhow.com.tr\/wp-content\/uploads\/2021\/03\/ARTWORK-FOR-SHOWHOW-2-1-300x125.jpg 300w, https:\/\/showhow.com.tr\/wp-content\/uploads\/2021\/03\/ARTWORK-FOR-SHOWHOW-2-1-768x320.jpg 768w, https:\/\/showhow.com.tr\/wp-content\/uploads\/2021\/03\/ARTWORK-FOR-SHOWHOW-2-1-144x60.jpg 144w\" sizes=\"(max-width: 960px) 100vw, 960px\" \/><\/a><figcaption><strong>sun splash<\/strong><\/figcaption><\/figure>\n\n\n\n<p>festival anlay\u0131\u015f\u0131n\u0131 b\u00fcy\u00fck \u015fehirlerden \u2018g\u00fcne\u015f-deniz-kum\u2019 \u00fc\u00e7genine ta\u015f\u0131yan butik festival deneyimi sunsplash, d\u00fcnyaca \u00fcnl\u00fc m\u00fczik adamlar\u0131n\u0131, d\u00fcnyan\u0131n bin bir t\u00fcrl\u00fc g\u00fczel insan\u0131 ile biraraya getiriyor.&nbsp;<a href=\"https:\/\/showhow.com.tr\/index.php\/2021\/03\/25\/sun-splash\/\" data-type=\"URL\" data-id=\"https:\/\/showhow.com.tr\/index.php\/2021\/03\/25\/sun-splash\/\" target=\"_blank\" rel=\"noreferrer noopener\">(&#8230;)<\/a><\/p>\n<\/div>\n<\/div>\n<\/div><\/div>\n\n\n\n<div class=\"wp-block-group\"><div class=\"wp-block-group__inner-container\">\n<div class=\"wp-block-columns\">\n<div class=\"wp-block-column\">\n<figure class=\"wp-block-image size-large\"><a href=\"https:\/\/showhow.com.tr\/index.php\/2021\/03\/29\/miller-music-factory\/\" target=\"_blank\" rel=\"noopener\"><img loading=\"lazy\" width=\"462\" height=\"192\" src=\"https:\/\/showhow.com.tr\/wp-content\/uploads\/2021\/03\/mmfbanner-462x192-1.jpg\" alt=\"\" class=\"wp-image-113\" srcset=\"https:\/\/showhow.com.tr\/wp-content\/uploads\/2021\/03\/mmfbanner-462x192-1.jpg 462w, https:\/\/showhow.com.tr\/wp-content\/uploads\/2021\/03\/mmfbanner-462x192-1-300x125.jpg 300w, https:\/\/showhow.com.tr\/wp-content\/uploads\/2021\/03\/mmfbanner-462x192-1-144x60.jpg 144w\" sizes=\"(max-width: 462px) 100vw, 462px\" \/><\/a><figcaption><strong>miller music factory<\/strong><\/figcaption><\/figure>\n\n\n\n<p>e\u011flence ve m\u00fczik d\u00fcnyas\u0131n\u0131 sahiplenen miller\u2019\u0131n d\u00fczenledi\u011fi Miller Music Factory, m\u00fczik \u00fcreten yeni yetenekleri ke\u015ffetmek amac\u0131yla yola \u00e7\u0131kt\u0131. uzun soluklu bir aray\u0131\u015f\/ yar\u0131\u015fma olan miller music factory; \u00f6zg\u00fcn fikirlerin de\u011fer ve destek g\u00f6rd\u00fc\u011f\u00fc geni\u015f bir platform<a href=\"https:\/\/showhow.com.tr\/index.php\/2021\/03\/29\/miller-music-factory\/\" target=\"_blank\" rel=\"noreferrer noopener\">(&#8230;)<\/a><\/p>\n<\/div>\n\n\n\n<div class=\"wp-block-column\">\n<figure class=\"wp-block-image size-large\"><a href=\"https:\/\/showhow.com.tr\/index.php\/2021\/03\/29\/red-bull-soundclash\/\" target=\"_blank\" rel=\"noopener\"><img loading=\"lazy\" width=\"462\" height=\"192\" src=\"https:\/\/showhow.com.tr\/wp-content\/uploads\/2021\/03\/redbull_soundclash-462x192-1.jpg\" alt=\"\" class=\"wp-image-114\" srcset=\"https:\/\/showhow.com.tr\/wp-content\/uploads\/2021\/03\/redbull_soundclash-462x192-1.jpg 462w, https:\/\/showhow.com.tr\/wp-content\/uploads\/2021\/03\/redbull_soundclash-462x192-1-300x125.jpg 300w, https:\/\/showhow.com.tr\/wp-content\/uploads\/2021\/03\/redbull_soundclash-462x192-1-144x60.jpg 144w\" sizes=\"(max-width: 462px) 100vw, 462px\" \/><\/a><figcaption><strong>red bull soundclash<\/strong><\/figcaption><\/figure>\n\n\n\n<p>2006 y\u0131l\u0131ndan bu yana 5 k\u0131tada, 17\u2032den fazla \u00fclkede yap\u0131lan ve yap\u0131ld\u0131\u011f\u0131 her yerde m\u00fczikseverlere daha \u00f6nce hi\u00e7 ya\u015fanmam\u0131\u015f bir m\u00fczik tecr\u00fcbesi sunan ve 2 grup, 2 sahne ve 4 raunttan olu\u015fan bir proje red bull soundclash. <a href=\"https:\/\/showhow.com.tr\/index.php\/2021\/03\/29\/red-bull-soundclash\/\" target=\"_blank\" rel=\"noreferrer noopener\">(&#8230;)<\/a><\/p>\n<\/div>\n<\/div>\n<\/div><\/div>\n\n\n\n<div class=\"wp-block-group\"><div class=\"wp-block-group__inner-container\">\n<div class=\"wp-block-columns\">\n<div class=\"wp-block-column\">\n<figure class=\"wp-block-image size-large\"><a href=\"https:\/\/showhow.com.tr\/index.php\/2021\/03\/29\/red-bull-sakli-sahne\/\" target=\"_blank\" rel=\"noopener\"><img loading=\"lazy\" width=\"462\" height=\"192\" src=\"https:\/\/showhow.com.tr\/wp-content\/uploads\/2021\/03\/redbull_sakli_sahne-462x192-1.jpg\" alt=\"\" class=\"wp-image-119\" srcset=\"https:\/\/showhow.com.tr\/wp-content\/uploads\/2021\/03\/redbull_sakli_sahne-462x192-1.jpg 462w, https:\/\/showhow.com.tr\/wp-content\/uploads\/2021\/03\/redbull_sakli_sahne-462x192-1-300x125.jpg 300w, https:\/\/showhow.com.tr\/wp-content\/uploads\/2021\/03\/redbull_sakli_sahne-462x192-1-144x60.jpg 144w\" sizes=\"(max-width: 462px) 100vw, 462px\" \/><\/a><figcaption><strong>red bull sakl\u0131 sahne<\/strong><\/figcaption><\/figure>\n\n\n\n<p>mekan\u0131 gizli tutulan konser! ilk alb\u00fcm\u00fc eski k\u00f6pr\u00fcn\u00fcn alt\u0131nda\u2019y\u0131 yay\u0131nlad\u0131\u011f\u0131 1999\u2019dan beri y\u00fczlerce konserle milyonlarca hayran\u0131na ula\u015fan duman grubu bu&nbsp;<a href=\"https:\/\/showhow.com.tr\/index.php\/2021\/03\/29\/red-bull-sakli-sahne\/\" target=\"_blank\" rel=\"noreferrer noopener\">(&#8230;)<\/a><\/p>\n<\/div>\n\n\n\n<div class=\"wp-block-column\">\n<figure class=\"wp-block-image size-large is-style-default\"><a href=\"https:\/\/showhow.com.tr\/index.php\/2021\/03\/29\/red-bull-yaratici-kutular\/\" target=\"_blank\" rel=\"noopener\"><img loading=\"lazy\" width=\"462\" height=\"192\" src=\"https:\/\/showhow.com.tr\/wp-content\/uploads\/2021\/03\/redbull1-462x192-1.jpg\" alt=\"\" class=\"wp-image-120\" srcset=\"https:\/\/showhow.com.tr\/wp-content\/uploads\/2021\/03\/redbull1-462x192-1.jpg 462w, https:\/\/showhow.com.tr\/wp-content\/uploads\/2021\/03\/redbull1-462x192-1-300x125.jpg 300w, https:\/\/showhow.com.tr\/wp-content\/uploads\/2021\/03\/redbull1-462x192-1-144x60.jpg 144w\" sizes=\"(max-width: 462px) 100vw, 462px\" \/><\/a><figcaption><strong>red bull yarat\u0131c\u0131 kutular<\/strong><\/figcaption><\/figure>\n\n\n\n<p>1999 y\u0131l\u0131ndan beri d\u00fcnyada 42 \u015fehirde hayata ge\u00e7irilen yarat\u0131c\u0131l\u0131k yar\u0131\u015fmas\u0131 red bull yarat\u0131c\u0131 kutular, istanbul\u2019da showhow organizasyonu ile ger\u00e7ekle\u015fti. gelen y\u00fczlerce&nbsp;<a href=\"https:\/\/showhow.com.tr\/index.php\/2021\/03\/29\/red-bull-yaratici-kutular\/\" target=\"_blank\" rel=\"noreferrer noopener\">(&#8230;)<\/a><\/p>\n<\/div>\n<\/div>\n<\/div><\/div>\n\n\n\n<div class=\"wp-block-group\"><div class=\"wp-block-group__inner-container\">\n<div class=\"wp-block-columns\">\n<div class=\"wp-block-column\">\n<figure class=\"wp-block-image size-large\"><a href=\"https:\/\/showhow.com.tr\/index.php\/2021\/03\/29\/red-bull-flying-bach\/\" target=\"_blank\" rel=\"noopener\"><img loading=\"lazy\" width=\"960\" height=\"400\" src=\"https:\/\/showhow.com.tr\/wp-content\/uploads\/2021\/03\/redbullbanner.jpg\" alt=\"\" class=\"wp-image-188\" srcset=\"https:\/\/showhow.com.tr\/wp-content\/uploads\/2021\/03\/redbullbanner.jpg 960w, https:\/\/showhow.com.tr\/wp-content\/uploads\/2021\/03\/redbullbanner-300x125.jpg 300w, https:\/\/showhow.com.tr\/wp-content\/uploads\/2021\/03\/redbullbanner-768x320.jpg 768w, https:\/\/showhow.com.tr\/wp-content\/uploads\/2021\/03\/redbullbanner-144x60.jpg 144w\" sizes=\"(max-width: 960px) 100vw, 960px\" \/><\/a><figcaption><strong>red bull flying bach<\/strong><\/figcaption><\/figure>\n\n\n\n<p>y\u00fcksek k\u00fclt\u00fcr sokak sanat\u0131yla bulu\u015ftu! break dans d\u00fcnya \u015fampiyonu flying steps ile sanat direkt\u00f6r\u00fc christoph hagel bir araya geldi ve ortaya red bull flying bach \u00e7\u0131kt\u0131.&nbsp;<a href=\"https:\/\/showhow.com.tr\/index.php\/2021\/03\/29\/red-bull-flying-bach\/\" target=\"_blank\" rel=\"noreferrer noopener\">(&#8230;)<\/a><\/p>\n<\/div>\n\n\n\n<div class=\"wp-block-column\">\n<figure class=\"wp-block-image size-large\"><a href=\"https:\/\/showhow.com.tr\/index.php\/2021\/03\/29\/pink-floyd-balesi\/\" target=\"_blank\" rel=\"noopener\"><img loading=\"lazy\" width=\"960\" height=\"398\" src=\"https:\/\/showhow.com.tr\/wp-content\/uploads\/2021\/03\/bale.jpg\" alt=\"\" class=\"wp-image-190\" srcset=\"https:\/\/showhow.com.tr\/wp-content\/uploads\/2021\/03\/bale.jpg 960w, https:\/\/showhow.com.tr\/wp-content\/uploads\/2021\/03\/bale-300x124.jpg 300w, https:\/\/showhow.com.tr\/wp-content\/uploads\/2021\/03\/bale-768x318.jpg 768w, https:\/\/showhow.com.tr\/wp-content\/uploads\/2021\/03\/bale-145x60.jpg 145w\" sizes=\"(max-width: 960px) 100vw, 960px\" \/><\/a><figcaption><strong>pink floyd balesi<\/strong><\/figcaption><\/figure>\n\n\n\n<p>m\u00fczi\u011fin hayat i\u00e7in ne ifade etti\u011fini bilenlerin pink floyd\u2019u, balenin dans d\u00fcnyas\u0131ndaki yerinden emin olanlar\u0131n roland petit\u2019yi, kula\u011f\u0131n\u0131 g\u00f6steri sanatlar\u0131na vermi\u015flerin de la scala tiyatrosunu&nbsp;<a href=\"https:\/\/showhow.com.tr\/index.php\/2021\/03\/29\/pink-floyd-balesi\/\" target=\"_blank\" rel=\"noreferrer noopener\">(&#8230;)<\/a><\/p>\n<\/div>\n<\/div>\n<\/div><\/div>\n\n\n\n<div class=\"wp-block-group\"><div class=\"wp-block-group__inner-container\">\n<div class=\"wp-block-columns\">\n<div class=\"wp-block-column\">\n<figure class=\"wp-block-image size-large\"><a href=\"https:\/\/showhow.com.tr\/index.php\/2021\/03\/26\/garden-sale-festival\/\" target=\"_blank\" rel=\"noopener\"><img loading=\"lazy\" width=\"820\" height=\"312\" src=\"https:\/\/showhow.com.tr\/wp-content\/uploads\/2021\/03\/68721650_2860675184006956_1522895618186412032_n.png\" alt=\"\" class=\"wp-image-117\" srcset=\"https:\/\/showhow.com.tr\/wp-content\/uploads\/2021\/03\/68721650_2860675184006956_1522895618186412032_n.png 820w, https:\/\/showhow.com.tr\/wp-content\/uploads\/2021\/03\/68721650_2860675184006956_1522895618186412032_n-300x114.png 300w, https:\/\/showhow.com.tr\/wp-content\/uploads\/2021\/03\/68721650_2860675184006956_1522895618186412032_n-768x292.png 768w, https:\/\/showhow.com.tr\/wp-content\/uploads\/2021\/03\/68721650_2860675184006956_1522895618186412032_n-158x60.png 158w\" sizes=\"(max-width: 820px) 100vw, 820px\" \/><\/a><figcaption><strong>garden sale <\/strong><\/figcaption><\/figure>\n\n\n\n<p>y\u0131l\u0131n en keyifli \u015fenli\u011fi,12-13 ekim tarihinde 8. ya\u015f\u0131nda! \u00fcstelik, k\u00fc\u00e7\u00fck\u00e7iftlik park&#8217;ta ger\u00e7ekle\u015ftirece\u011fimiz garden sale festivali 8. ya\u015f\u0131n\u0131&nbsp;<a href=\"https:\/\/www.facebook.com\/hashtag\/homecoming?__eep__=6&amp;__cft__[0]=AZXC6FbT_R2Ll07LCO022VKJcJzsrSp8hI7aYC8O0Z8VGz3phCrkewfY_JuvTXZ7AZe17jSi0m_HfQEW_z8GgXVA77C61iBRlDJw6NRQN-Z42t_8Qx2KzYDPgCRATp_C5pJ6Ha5yBspmYYaEmq28oqoY-2C9bk2Sp1qFdzyPvl4OuQ&amp;__tn__=q\">#homecoming<\/a>&nbsp;konsepti ile kutlad\u0131 <a href=\"https:\/\/showhow.com.tr\/index.php\/2021\/03\/26\/garden-sale-festival\/\" target=\"_blank\" rel=\"noreferrer noopener\">(&#8230;)<\/a><\/p>\n<\/div>\n\n\n\n<div class=\"wp-block-column\">\n<figure class=\"wp-block-image size-large is-resized\"><a href=\"https:\/\/showhow.com.tr\/index.php\/2021\/03\/29\/sun-day-sky\/\" target=\"_blank\" rel=\"noopener\"><img loading=\"lazy\" src=\"https:\/\/showhow.com.tr\/wp-content\/uploads\/2021\/03\/sundaysky-banner-tr.jpg\" alt=\"\" class=\"wp-image-118\" width=\"385\" height=\"160\" srcset=\"https:\/\/showhow.com.tr\/wp-content\/uploads\/2021\/03\/sundaysky-banner-tr.jpg 960w, https:\/\/showhow.com.tr\/wp-content\/uploads\/2021\/03\/sundaysky-banner-tr-300x125.jpg 300w, https:\/\/showhow.com.tr\/wp-content\/uploads\/2021\/03\/sundaysky-banner-tr-768x320.jpg 768w, https:\/\/showhow.com.tr\/wp-content\/uploads\/2021\/03\/sundaysky-banner-tr-144x60.jpg 144w\" sizes=\"(max-width: 385px) 100vw, 385px\" \/><\/a><figcaption><strong>sun-day-sky<\/strong><\/figcaption><\/figure>\n\n\n\n<p>showhow\u2019\u0131n ilk projesi&nbsp;<strong>sun.day.sky<\/strong>, \u015fehirli insanlar\u0131 \u015fehrin i\u00e7inde ama karma\u015fas\u0131ndan uzakta, masmavi bir g\u00f6ky\u00fcz\u00fcn\u00fcn alt\u0131nda, yemye\u015fil \u00e7imlerinin ortas\u0131nda nefes ald\u0131\u011f\u0131 ve sosyalle\u015fti\u011fi bir ortam yaratma fikri<a href=\"https:\/\/showhow.com.tr\/index.php\/2021\/03\/29\/sun-day-sky\/\" target=\"_blank\" rel=\"noreferrer noopener\">(&#8230;)<\/a><\/p>\n<\/div>\n<\/div>\n<\/div><\/div>\n\n\n\n<p><\/p>\n","protected":false},"excerpt":{"rendered":"","protected":false},"author":1,"featured_media":0,"parent":0,"menu_order":0,"comment_status":"closed","ping_status":"closed","template":"","meta":[],"_links":{"self":[{"href":"https:\/\/showhow.com.tr\/index.php\/wp-json\/wp\/v2\/pages\/37"}],"collection":[{"href":"https:\/\/showhow.com.tr\/index.php\/wp-json\/wp\/v2\/pages"}],"about":[{"href":"https:\/\/showhow.com.tr\/index.php\/wp-json\/wp\/v2\/types\/page"}],"author":[{"embeddable":true,"href":"https:\/\/showhow.com.tr\/index.php\/wp-json\/wp\/v2\/users\/1"}],"replies":[{"embeddable":true,"href":"https:\/\/showhow.com.tr\/index.php\/wp-json\/wp\/v2\/comments?post=37"}],"version-history":[{"count":14,"href":"https:\/\/showhow.com.tr\/index.php\/wp-json\/wp\/v2\/pages\/37\/revisions"}],"predecessor-version":[{"id":544,"href":"https:\/\/showhow.com.tr\/index.php\/wp-json\/wp\/v2\/pages\/37\/revisions\/544"}],"wp:attachment":[{"href":"https:\/\/showhow.com.tr\/index.php\/wp-json\/wp\/v2\/media?parent=37"}],"curies":[{"name":"wp","href":"https:\/\/api.w.org\/{rel}","templated":true}]}}