{"id":40,"date":"2021-03-24T20:25:23","date_gmt":"2021-03-24T17:25:23","guid":{"rendered":"https:\/\/showhow.com.tr\/?page_id=40"},"modified":"2021-04-05T15:21:32","modified_gmt":"2021-04-05T12:21:32","slug":"fotograflar","status":"publish","type":"page","link":"https:\/\/showhow.com.tr\/index.php\/fotograflar\/","title":{"rendered":"Foto\u011fraflar"},"content":{"rendered":"\n<figure class=\"wp-block-gallery alignwide columns-2 is-cropped\"><ul class=\"blocks-gallery-grid\"><li class=\"blocks-gallery-item\"><figure><img loading=\"lazy\" width=\"1024\" height=\"683\" src=\"https:\/\/showhow.com.tr\/wp-content\/uploads\/2021\/04\/1402988_10151986475659484_1102950537_o-1024x683.jpg\" alt=\"\" data-id=\"301\" data-full-url=\"https:\/\/showhow.com.tr\/wp-content\/uploads\/2021\/04\/1402988_10151986475659484_1102950537_o.jpg\" data-link=\"https:\/\/showhow.com.tr\/index.php\/rockn-coke-fotograflar\/1402988_10151986475659484_1102950537_o\/\" class=\"wp-image-301\" srcset=\"https:\/\/showhow.com.tr\/wp-content\/uploads\/2021\/04\/1402988_10151986475659484_1102950537_o-1024x683.jpg 1024w, https:\/\/showhow.com.tr\/wp-content\/uploads\/2021\/04\/1402988_10151986475659484_1102950537_o-300x200.jpg 300w, https:\/\/showhow.com.tr\/wp-content\/uploads\/2021\/04\/1402988_10151986475659484_1102950537_o-768x512.jpg 768w, https:\/\/showhow.com.tr\/wp-content\/uploads\/2021\/04\/1402988_10151986475659484_1102950537_o-1536x1024.jpg 1536w, https:\/\/showhow.com.tr\/wp-content\/uploads\/2021\/04\/1402988_10151986475659484_1102950537_o-90x60.jpg 90w, https:\/\/showhow.com.tr\/wp-content\/uploads\/2021\/04\/1402988_10151986475659484_1102950537_o-374x249.jpg 374w, https:\/\/showhow.com.tr\/wp-content\/uploads\/2021\/04\/1402988_10151986475659484_1102950537_o.jpg 2048w\" sizes=\"(max-width: 1024px) 100vw, 1024px\" \/><figcaption class=\"blocks-gallery-item__caption\"><a rel=\"noreferrer noopener\" href=\"https:\/\/showhow.com.tr\/index.php\/rockn-coke-fotograflar\/\" target=\"_blank\"><strong><span class=\"has-inline-color has-white-color\">rock&#8217;n coke 2013 foto\u011fraflar\u0131 i\u00e7in t\u0131klay\u0131n\u0131z.<\/span><\/strong><\/a><\/figcaption><\/figure><\/li><li class=\"blocks-gallery-item\"><figure><img loading=\"lazy\" width=\"1024\" height=\"683\" src=\"https:\/\/showhow.com.tr\/wp-content\/uploads\/2021\/03\/13667985_1066044170144833_8511508116463176801_o-2-1024x683.jpg\" alt=\"\" data-id=\"253\" data-full-url=\"https:\/\/showhow.com.tr\/wp-content\/uploads\/2021\/03\/13667985_1066044170144833_8511508116463176801_o-2.jpg\" data-link=\"https:\/\/showhow.com.tr\/index.php\/fotograflar\/13667985_1066044170144833_8511508116463176801_o-2\/\" class=\"wp-image-253\" srcset=\"https:\/\/showhow.com.tr\/wp-content\/uploads\/2021\/03\/13667985_1066044170144833_8511508116463176801_o-2-1024x683.jpg 1024w, https:\/\/showhow.com.tr\/wp-content\/uploads\/2021\/03\/13667985_1066044170144833_8511508116463176801_o-2-300x200.jpg 300w, https:\/\/showhow.com.tr\/wp-content\/uploads\/2021\/03\/13667985_1066044170144833_8511508116463176801_o-2-768x512.jpg 768w, https:\/\/showhow.com.tr\/wp-content\/uploads\/2021\/03\/13667985_1066044170144833_8511508116463176801_o-2-1536x1024.jpg 1536w, https:\/\/showhow.com.tr\/wp-content\/uploads\/2021\/03\/13667985_1066044170144833_8511508116463176801_o-2-90x60.jpg 90w, https:\/\/showhow.com.tr\/wp-content\/uploads\/2021\/03\/13667985_1066044170144833_8511508116463176801_o-2-374x249.jpg 374w, https:\/\/showhow.com.tr\/wp-content\/uploads\/2021\/03\/13667985_1066044170144833_8511508116463176801_o-2.jpg 2048w\" sizes=\"(max-width: 1024px) 100vw, 1024px\" \/><figcaption class=\"blocks-gallery-item__caption\"><strong><a href=\"https:\/\/showhow.com.tr\/index.php\/mindbody-festival-fotograflar\/?preview_id=316&amp;preview_nonce=0f3de6ce6c&amp;preview=true\" target=\"_blank\" rel=\"noreferrer noopener\"><span class=\"has-inline-color has-white-color\">mindbody foto\u011fraflar\u0131 i\u00e7in t\u0131klay\u0131n\u0131z<\/span><\/a><\/strong><\/figcaption><\/figure><\/li><\/ul><\/figure>\n\n\n\n<figure class=\"wp-block-gallery alignwide columns-2 is-cropped\"><ul class=\"blocks-gallery-grid\"><li class=\"blocks-gallery-item\"><figure><img loading=\"lazy\" width=\"1024\" height=\"683\" src=\"https:\/\/showhow.com.tr\/wp-content\/uploads\/2021\/03\/22382484_1612080685533085_4999209321264797738_o-1024x683.jpg\" alt=\"\" data-id=\"268\" data-full-url=\"https:\/\/showhow.com.tr\/wp-content\/uploads\/2021\/03\/22382484_1612080685533085_4999209321264797738_o.jpg\" data-link=\"https:\/\/showhow.com.tr\/index.php\/fotograflar\/22382484_1612080685533085_4999209321264797738_o\/\" class=\"wp-image-268\" srcset=\"https:\/\/showhow.com.tr\/wp-content\/uploads\/2021\/03\/22382484_1612080685533085_4999209321264797738_o-1024x683.jpg 1024w, https:\/\/showhow.com.tr\/wp-content\/uploads\/2021\/03\/22382484_1612080685533085_4999209321264797738_o-300x200.jpg 300w, https:\/\/showhow.com.tr\/wp-content\/uploads\/2021\/03\/22382484_1612080685533085_4999209321264797738_o-768x512.jpg 768w, https:\/\/showhow.com.tr\/wp-content\/uploads\/2021\/03\/22382484_1612080685533085_4999209321264797738_o-1536x1024.jpg 1536w, https:\/\/showhow.com.tr\/wp-content\/uploads\/2021\/03\/22382484_1612080685533085_4999209321264797738_o-90x60.jpg 90w, https:\/\/showhow.com.tr\/wp-content\/uploads\/2021\/03\/22382484_1612080685533085_4999209321264797738_o-374x249.jpg 374w, https:\/\/showhow.com.tr\/wp-content\/uploads\/2021\/03\/22382484_1612080685533085_4999209321264797738_o.jpg 2048w\" sizes=\"(max-width: 1024px) 100vw, 1024px\" \/><figcaption class=\"blocks-gallery-item__caption\"><strong><a rel=\"noreferrer noopener\" href=\"https:\/\/showhow.com.tr\/index.php\/garden-sale-fotograflar\/\" data-type=\"URL\" data-id=\"https:\/\/showhow.com.tr\/index.php\/garden-sale-fotograflar\/\" target=\"_blank\"><span class=\"has-inline-color has-white-color\">garden sale foto\u011fraflar\u0131 i\u00e7in t\u0131klay\u0131n\u0131z.<\/span><\/a><\/strong><\/figcaption><\/figure><\/li><li class=\"blocks-gallery-item\"><figure><img loading=\"lazy\" width=\"1024\" height=\"683\" src=\"https:\/\/showhow.com.tr\/wp-content\/uploads\/2021\/03\/13667985_1066044170144833_8511508116463176801_o-2-1024x683.jpg\" alt=\"\" data-id=\"253\" data-full-url=\"https:\/\/showhow.com.tr\/wp-content\/uploads\/2021\/03\/13667985_1066044170144833_8511508116463176801_o-2.jpg\" data-link=\"https:\/\/showhow.com.tr\/index.php\/fotograflar\/13667985_1066044170144833_8511508116463176801_o-2\/\" class=\"wp-image-253\" srcset=\"https:\/\/showhow.com.tr\/wp-content\/uploads\/2021\/03\/13667985_1066044170144833_8511508116463176801_o-2-1024x683.jpg 1024w, https:\/\/showhow.com.tr\/wp-content\/uploads\/2021\/03\/13667985_1066044170144833_8511508116463176801_o-2-300x200.jpg 300w, https:\/\/showhow.com.tr\/wp-content\/uploads\/2021\/03\/13667985_1066044170144833_8511508116463176801_o-2-768x512.jpg 768w, https:\/\/showhow.com.tr\/wp-content\/uploads\/2021\/03\/13667985_1066044170144833_8511508116463176801_o-2-1536x1024.jpg 1536w, https:\/\/showhow.com.tr\/wp-content\/uploads\/2021\/03\/13667985_1066044170144833_8511508116463176801_o-2-90x60.jpg 90w, https:\/\/showhow.com.tr\/wp-content\/uploads\/2021\/03\/13667985_1066044170144833_8511508116463176801_o-2-374x249.jpg 374w, https:\/\/showhow.com.tr\/wp-content\/uploads\/2021\/03\/13667985_1066044170144833_8511508116463176801_o-2.jpg 2048w\" sizes=\"(max-width: 1024px) 100vw, 1024px\" \/><figcaption class=\"blocks-gallery-item__caption\"><strong>mindbody foto\u011fraflar\u0131 i\u00e7in t\u0131klay\u0131n\u0131z<\/strong><\/figcaption><\/figure><\/li><\/ul><\/figure>\n\n\n\n<div class=\"wp-block-group alignwide\"><div class=\"wp-block-group__inner-container\"><\/div><\/div>\n","protected":false},"excerpt":{"rendered":"","protected":false},"author":1,"featured_media":0,"parent":0,"menu_order":0,"comment_status":"closed","ping_status":"closed","template":"","meta":[],"_links":{"self":[{"href":"https:\/\/showhow.com.tr\/index.php\/wp-json\/wp\/v2\/pages\/40"}],"collection":[{"href":"https:\/\/showhow.com.tr\/index.php\/wp-json\/wp\/v2\/pages"}],"about":[{"href":"https:\/\/showhow.com.tr\/index.php\/wp-json\/wp\/v2\/types\/page"}],"author":[{"embeddable":true,"href":"https:\/\/showhow.com.tr\/index.php\/wp-json\/wp\/v2\/users\/1"}],"replies":[{"embeddable":true,"href":"https:\/\/showhow.com.tr\/index.php\/wp-json\/wp\/v2\/comments?post=40"}],"version-history":[{"count":4,"href":"https:\/\/showhow.com.tr\/index.php\/wp-json\/wp\/v2\/pages\/40\/revisions"}],"predecessor-version":[{"id":504,"href":"https:\/\/showhow.com.tr\/index.php\/wp-json\/wp\/v2\/pages\/40\/revisions\/504"}],"wp:attachment":[{"href":"https:\/\/showhow.com.tr\/index.php\/wp-json\/wp\/v2\/media?parent=40"}],"curies":[{"name":"wp","href":"https:\/\/api.w.org\/{rel}","templated":true}]}}