{"id":43,"date":"2021-03-24T20:25:23","date_gmt":"2021-03-24T17:25:23","guid":{"rendered":"https:\/\/showhow.com.tr\/?page_id=43"},"modified":"2021-05-18T17:49:28","modified_gmt":"2021-05-18T14:49:28","slug":"iletisim","status":"publish","type":"page","link":"https:\/\/showhow.com.tr\/index.php\/iletisim\/","title":{"rendered":"\u0130leti\u015fim"},"content":{"rendered":"\n<h3><canvas width=\"102\" height=\"37\"><\/canvas><\/h3>\n\n\n\n<p><strong>fikrikeyif organizasyon ve tan\u0131t\u0131m limited \u015firketi\u00a0<\/strong><br>telefon: +90 533 595 18 79 <br>mail: ovunc@showhow.com.tr<br>Topa\u011fac\u0131 Yoku\u015fu, \u00dcnsal Karahan Sitesi 51\/1 Daire c-46 <br>Topa\u011fac\u0131 \u2013 \u015ei\u015fli \/ \u0130stanbul<br><br><\/p>\n","protected":false},"excerpt":{"rendered":"<p>fikrikeyif organizasyon ve tan\u0131t\u0131m limited \u015firketi\u00a0telefon: +90 533 595 18 79 mail: ovunc@showhow.com.trTopa\u011fac\u0131 Yoku\u015fu, \u00dcnsal Karahan Sitesi 51\/1 Daire c-46 Topa\u011fac\u0131 \u2013 \u015ei\u015fli \/ \u0130stanbul<\/p>\n","protected":false},"author":1,"featured_media":0,"parent":0,"menu_order":0,"comment_status":"closed","ping_status":"closed","template":"","meta":[],"_links":{"self":[{"href":"https:\/\/showhow.com.tr\/index.php\/wp-json\/wp\/v2\/pages\/43"}],"collection":[{"href":"https:\/\/showhow.com.tr\/index.php\/wp-json\/wp\/v2\/pages"}],"about":[{"href":"https:\/\/showhow.com.tr\/index.php\/wp-json\/wp\/v2\/types\/page"}],"author":[{"embeddable":true,"href":"https:\/\/showhow.com.tr\/index.php\/wp-json\/wp\/v2\/users\/1"}],"replies":[{"embeddable":true,"href":"https:\/\/showhow.com.tr\/index.php\/wp-json\/wp\/v2\/comments?post=43"}],"version-history":[{"count":5,"href":"https:\/\/showhow.com.tr\/index.php\/wp-json\/wp\/v2\/pages\/43\/revisions"}],"predecessor-version":[{"id":563,"href":"https:\/\/showhow.com.tr\/index.php\/wp-json\/wp\/v2\/pages\/43\/revisions\/563"}],"wp:attachment":[{"href":"https:\/\/showhow.com.tr\/index.php\/wp-json\/wp\/v2\/media?parent=43"}],"curies":[{"name":"wp","href":"https:\/\/api.w.org\/{rel}","templated":true}]}}